{"id":98,"date":"2025-02-10T09:45:12","date_gmt":"2025-02-10T08:45:12","guid":{"rendered":"https:\/\/paxster.no\/?post_type=product&#038;p=98"},"modified":"2026-01-28T10:41:16","modified_gmt":"2026-01-28T09:41:16","slug":"paxster-air","status":"publish","type":"product","link":"https:\/\/paxster.no\/nb\/models\/paxster-air\/","title":{"rendered":"Paxster Air"},"content":{"rendered":"<p data-start=\"362\" data-end=\"720\">Paxster Air er laget for \u00e5 gi deg en helt s\u00f8ml\u00f8s kj\u00f8reopplevelse \u2013 med enkel av- og p\u00e5stigning, fantastisk oversikt og intuitiv betjening.\nDen er godkjent for bruk b\u00e5de p\u00e5 vei og innend\u00f8rs, og leverer driftssikkerhet gjennom hele \u00e5ret \u2013 p\u00e5 en milj\u00f8vennlig m\u00e5te.<\/p>\n<p>&nbsp;<\/p>","protected":false},"excerpt":{"rendered":"<p>Paxster Air er laget for \u00e5 gi deg en helt s\u00f8ml\u00f8s kj\u00f8reopplevelse \u2013 med enkel av- og p\u00e5stigning, fantastisk oversikt og intuitiv betjening.\nDen er godkjent for bruk b\u00e5de p\u00e5 vei og innend\u00f8rs, og leverer driftssikkerhet gjennom hele \u00e5ret \u2013 p\u00e5 en milj\u00f8vennlig m\u00e5te.<\/p>","protected":false},"featured_media":3522,"comment_status":"closed","ping_status":"closed","template":"","meta":{"_acf_changed":false},"product_brand":[],"product_cat":[18],"product_tag":[],"class_list":{"0":"post-98","1":"product","2":"type-product","3":"status-publish","4":"has-post-thumbnail","6":"product_cat-models","9":"first","10":"instock","11":"shipping-taxable","12":"purchasable","13":"product-type-simple"},"acf":[],"gallery_images":[3530,3531,3534,3535,3536,3537,3538],"_links":{"self":[{"href":"https:\/\/paxster.no\/nb\/wp-json\/wp\/v2\/product\/98","targetHints":{"allow":["GET"]}}],"collection":[{"href":"https:\/\/paxster.no\/nb\/wp-json\/wp\/v2\/product"}],"about":[{"href":"https:\/\/paxster.no\/nb\/wp-json\/wp\/v2\/types\/product"}],"replies":[{"embeddable":true,"href":"https:\/\/paxster.no\/nb\/wp-json\/wp\/v2\/comments?post=98"}],"wp:featuredmedia":[{"embeddable":true,"href":"https:\/\/paxster.no\/nb\/wp-json\/wp\/v2\/media\/3522"}],"wp:attachment":[{"href":"https:\/\/paxster.no\/nb\/wp-json\/wp\/v2\/media?parent=98"}],"wp:term":[{"taxonomy":"product_brand","embeddable":true,"href":"https:\/\/paxster.no\/nb\/wp-json\/wp\/v2\/product_brand?post=98"},{"taxonomy":"product_cat","embeddable":true,"href":"https:\/\/paxster.no\/nb\/wp-json\/wp\/v2\/product_cat?post=98"},{"taxonomy":"product_tag","embeddable":true,"href":"https:\/\/paxster.no\/nb\/wp-json\/wp\/v2\/product_tag?post=98"}],"curies":[{"name":"wp","href":"https:\/\/api.w.org\/{rel}","templated":true}]}}