{"id":2026,"date":"2025-04-24T14:33:42","date_gmt":"2025-04-24T12:33:42","guid":{"rendered":"https:\/\/paxster.no\/?post_type=product&#038;p=2026"},"modified":"2026-01-28T10:41:27","modified_gmt":"2026-01-28T09:41:27","slug":"paxster-cargo","status":"publish","type":"product","link":"https:\/\/paxster.no\/nb\/models\/paxster-cargo\/","title":{"rendered":"Paxster Cargo"},"content":{"rendered":"<p data-start=\"362\" data-end=\"720\">Paxster Air er laget for \u00e5 gi deg en helt s\u00f8ml\u00f8s kj\u00f8reopplevelse \u2013 med enkel av- og p\u00e5stigning, fantastisk oversikt og intuitiv betjening.\nDen er godkjent for bruk b\u00e5de p\u00e5 vei og innend\u00f8rs, og leverer driftssikkerhet gjennom hele \u00e5ret \u2013 p\u00e5 en milj\u00f8vennlig m\u00e5te.<\/p>\n<p>&nbsp;<\/p>","protected":false},"excerpt":{"rendered":"<p>Paxster Cargo er et kompakt og smidig elektrisk kj\u00f8ret\u00f8y, foretrukket av st\u00f8rre fl\u00e5tekunder og en bestselger innen sisteleddsdistribusjon. Bygget for trange omr\u00e5der og t\u00f8ffe hverdager, kombinerer den romslig lasteplass med lave driftskostnader, ergonomisk p\u00e5- og avstigning, og stilleg\u00e5ende drift \u00e5ret rundt.<\/p>","protected":false},"featured_media":4368,"comment_status":"closed","ping_status":"closed","template":"","meta":{"_acf_changed":false},"product_brand":[],"product_cat":[18],"product_tag":[],"class_list":{"0":"post-2026","1":"product","2":"type-product","3":"status-publish","4":"has-post-thumbnail","6":"product_cat-models","9":"first","10":"instock","11":"shipping-taxable","12":"purchasable","13":"product-type-simple"},"acf":[],"gallery_images":[4307,4308,4309,4315],"_links":{"self":[{"href":"https:\/\/paxster.no\/nb\/wp-json\/wp\/v2\/product\/2026","targetHints":{"allow":["GET"]}}],"collection":[{"href":"https:\/\/paxster.no\/nb\/wp-json\/wp\/v2\/product"}],"about":[{"href":"https:\/\/paxster.no\/nb\/wp-json\/wp\/v2\/types\/product"}],"replies":[{"embeddable":true,"href":"https:\/\/paxster.no\/nb\/wp-json\/wp\/v2\/comments?post=2026"}],"wp:featuredmedia":[{"embeddable":true,"href":"https:\/\/paxster.no\/nb\/wp-json\/wp\/v2\/media\/4368"}],"wp:attachment":[{"href":"https:\/\/paxster.no\/nb\/wp-json\/wp\/v2\/media?parent=2026"}],"wp:term":[{"taxonomy":"product_brand","embeddable":true,"href":"https:\/\/paxster.no\/nb\/wp-json\/wp\/v2\/product_brand?post=2026"},{"taxonomy":"product_cat","embeddable":true,"href":"https:\/\/paxster.no\/nb\/wp-json\/wp\/v2\/product_cat?post=2026"},{"taxonomy":"product_tag","embeddable":true,"href":"https:\/\/paxster.no\/nb\/wp-json\/wp\/v2\/product_tag?post=2026"}],"curies":[{"name":"wp","href":"https:\/\/api.w.org\/{rel}","templated":true}]}}