{"id":2012,"date":"2025-04-24T13:29:49","date_gmt":"2025-04-24T11:29:49","guid":{"rendered":"https:\/\/paxster.no\/?post_type=product&#038;p=2012"},"modified":"2026-02-27T10:02:26","modified_gmt":"2026-02-27T09:02:26","slug":"paxster-compact","status":"publish","type":"product","link":"https:\/\/paxster.no\/nb\/models\/paxster-compact\/","title":{"rendered":"Paxster Compact"},"content":{"rendered":"<p data-start=\"362\" data-end=\"720\">Paxster Air er laget for \u00e5 gi deg en helt s\u00f8ml\u00f8s kj\u00f8reopplevelse \u2013 med enkel av- og p\u00e5stigning, fantastisk oversikt og intuitiv betjening.\nDen er godkjent for bruk b\u00e5de p\u00e5 vei og innend\u00f8rs, og leverer driftssikkerhet gjennom hele \u00e5ret \u2013 p\u00e5 en milj\u00f8vennlig m\u00e5te.<\/p>\n<p>&nbsp;<\/p>","protected":false},"excerpt":{"rendered":"<p>Paxster Compact er b\u00e5de smidig, stilleg\u00e5ende og godkjent for vei og bygget for \u00e5 h\u00e5ndtere daglige oppgaver i parker, p\u00e5 campusomr\u00e5der, i havner og mer. Med lave driftskostnader, ergonomisk f\u00f8rerplass og et kompakt design som sk\u00e5ner underlaget, er den et praktisk valg for bruk \u00e5ret rundt.<\/p>","protected":false},"featured_media":3671,"comment_status":"closed","ping_status":"closed","template":"","meta":{"_acf_changed":false},"product_brand":[],"product_cat":[18],"product_tag":[],"class_list":{"0":"post-2012","1":"product","2":"type-product","3":"status-publish","4":"has-post-thumbnail","6":"product_cat-models","9":"first","10":"instock","11":"shipping-taxable","12":"purchasable","13":"product-type-simple"},"acf":[],"gallery_images":[3516,3517,3518,3519,3520,3521,3550],"_links":{"self":[{"href":"https:\/\/paxster.no\/nb\/wp-json\/wp\/v2\/product\/2012","targetHints":{"allow":["GET"]}}],"collection":[{"href":"https:\/\/paxster.no\/nb\/wp-json\/wp\/v2\/product"}],"about":[{"href":"https:\/\/paxster.no\/nb\/wp-json\/wp\/v2\/types\/product"}],"replies":[{"embeddable":true,"href":"https:\/\/paxster.no\/nb\/wp-json\/wp\/v2\/comments?post=2012"}],"wp:featuredmedia":[{"embeddable":true,"href":"https:\/\/paxster.no\/nb\/wp-json\/wp\/v2\/media\/3671"}],"wp:attachment":[{"href":"https:\/\/paxster.no\/nb\/wp-json\/wp\/v2\/media?parent=2012"}],"wp:term":[{"taxonomy":"product_brand","embeddable":true,"href":"https:\/\/paxster.no\/nb\/wp-json\/wp\/v2\/product_brand?post=2012"},{"taxonomy":"product_cat","embeddable":true,"href":"https:\/\/paxster.no\/nb\/wp-json\/wp\/v2\/product_cat?post=2012"},{"taxonomy":"product_tag","embeddable":true,"href":"https:\/\/paxster.no\/nb\/wp-json\/wp\/v2\/product_tag?post=2012"}],"curies":[{"name":"wp","href":"https:\/\/api.w.org\/{rel}","templated":true}]}}